{"id":32,"date":"2012-07-09T14:16:01","date_gmt":"2012-07-09T14:16:01","guid":{"rendered":"http:\/\/sedziahokeja.org\/?page_id=32"},"modified":"2026-01-10T20:25:00","modified_gmt":"2026-01-10T20:25:00","slug":"kontakt","status":"publish","type":"page","link":"https:\/\/sedziahokeja.org\/?page_id=32","title":{"rendered":"KONTAKT"},"content":{"rendered":"\n<pre class=\"wp-block-preformatted\"><strong>Przewodnicz\u0105cy Wydzia\u0142u <\/strong><br><strong>Patryk Pyrska\u0142a <\/strong>- pwspzhl@gmial.com<br><br><strong>Pawe\u0142 Meszy\u0144ski<\/strong> - pawel_meszynski@o2.pl<br><strong>Przemys\u0142aw K\u0119pa<\/strong> - przemekkepa@wp.pl<br><strong>Leszek Kubiszewski<\/strong> - scooby_l@poczta.fm<br><strong>Marta Zawadzka<\/strong> - zawadzka@pzhl.org.pl<\/pre>\n\n\n<\/p>\n<p style=\"text-align: justify;\">\n\n\n<p><\/p>\n","protected":false},"excerpt":{"rendered":"<p>Przewodnicz\u0105cy Wydzia\u0142u Patryk Pyrska\u0142a &#8211; pwspzhl@gmial.comPawe\u0142 Meszy\u0144ski &#8211; pawel_meszynski@o2.plPrzemys\u0142aw K\u0119pa &#8211; przemekkepa@wp.plLeszek Kubiszewski &#8211; scooby_l@poczta.fmMarta Zawadzka &#8211; zawadzka@pzhl.org.pl<\/p>\n","protected":false},"author":1,"featured_media":0,"parent":0,"menu_order":0,"comment_status":"open","ping_status":"closed","template":"","meta":{"footnotes":""},"class_list":["post-32","page","type-page","status-publish","hentry"],"_links":{"self":[{"href":"https:\/\/sedziahokeja.org\/index.php?rest_route=\/wp\/v2\/pages\/32","targetHints":{"allow":["GET"]}}],"collection":[{"href":"https:\/\/sedziahokeja.org\/index.php?rest_route=\/wp\/v2\/pages"}],"about":[{"href":"https:\/\/sedziahokeja.org\/index.php?rest_route=\/wp\/v2\/types\/page"}],"author":[{"embeddable":true,"href":"https:\/\/sedziahokeja.org\/index.php?rest_route=\/wp\/v2\/users\/1"}],"replies":[{"embeddable":true,"href":"https:\/\/sedziahokeja.org\/index.php?rest_route=%2Fwp%2Fv2%2Fcomments&post=32"}],"version-history":[{"count":20,"href":"https:\/\/sedziahokeja.org\/index.php?rest_route=\/wp\/v2\/pages\/32\/revisions"}],"predecessor-version":[{"id":7399,"href":"https:\/\/sedziahokeja.org\/index.php?rest_route=\/wp\/v2\/pages\/32\/revisions\/7399"}],"wp:attachment":[{"href":"https:\/\/sedziahokeja.org\/index.php?rest_route=%2Fwp%2Fv2%2Fmedia&parent=32"}],"curies":[{"name":"wp","href":"https:\/\/api.w.org\/{rel}","templated":true}]}}