{"id":100,"date":"2012-07-18T08:29:35","date_gmt":"2012-07-18T08:29:35","guid":{"rendered":"http:\/\/sedziahokeja.org\/?page_id=100"},"modified":"2026-02-27T17:21:10","modified_gmt":"2026-02-27T17:21:10","slug":"niezbednik","status":"publish","type":"page","link":"https:\/\/sedziahokeja.org\/?page_id=100","title":{"rendered":"NIEZB\u0118DNIK &#8211; archiwum"},"content":{"rendered":"<p><strong><a style=\"color: #000000;\" href=\"https:\/\/sedziahokeja.org\/wp-content\/uploads\/2019\/09\/Tabela-odleg\u0142o\u015bci-2019-2020-1.pdf\">Tabela odleg\u0142o\u015bci<\/a><\/strong><\/p>\n<p><a href=\"https:\/\/sedziahokeja.org\/wp-content\/uploads\/2022\/08\/tabela-ekwiwalentow-2022-2023-MECZE-REPREENTACJI-SENIOROW-1.pdf\">tabela ekwiwalent\u00f3w 2022-2023 &#8211; MECZE REPREZENTACJI SENIOR\u00d3W<\/a><\/p>\n<p><a href=\"https:\/\/sedziahokeja.org\/wp-content\/uploads\/2022\/08\/tabela-ekwiwalentow-2022-2023-PHL-1.pdf\">tabela ekwiwalent\u00f3w 2022-2023 &#8211; PHL<\/a><\/p>\n<p><a href=\"https:\/\/sedziahokeja.org\/wp-content\/uploads\/2022\/08\/tabela-ekwiwalentow-2022-2023-U-16-U-18-U-20-MHL-PLHK-CLJ-GRUPY-MLODZIEZOWE-1.pdf\">tabela ekwiwalent\u00f3w -2022-2023 &#8211; U-16, U-18, U-20 , MHL , PLHK , CLJ , grupy m\u0142odzie\u017cowe<\/a><\/p>\n<p><a href=\"https:\/\/sedziahokeja.org\/wp-content\/uploads\/2022\/08\/SMS-MINISTERSTWO-delegacja-sedziowska.docx\">SMS MINISTERSTWO delegacja s\u0119dziowska<\/a>&nbsp; &#8211; SMS TORU\u0143 &#8211; NOWA<\/p>\n<p><a href=\"https:\/\/sedziahokeja.org\/wp-content\/uploads\/2022\/08\/DELEGACJA-SEDZIOWSKA-PHL-2022-2023-1.doc\">DELEGACJA-SEDZIOWSKA-PHL-2022-2023<\/a><\/p>\n<p><a href=\"https:\/\/sedziahokeja.org\/wp-content\/uploads\/2022\/08\/DELEGACJA-SEDZIOWSKA-MHL-2022-2023-2.doc\">DELEGACJA-SEDZIOWSKA-MHL-2022-2023<\/a><\/p>\n<p><a href=\"https:\/\/sedziahokeja.org\/wp-content\/uploads\/2022\/08\/DELEGACJA-SEDZIOWSKA-OBSERWATOR-MHL-2022-2023-1.doc\">DELEGACJA-SEDZIOWSKA-OBSERWATOR-MHL-2022-2023<\/a><\/p>\n<p><a href=\"https:\/\/sedziahokeja.org\/wp-content\/uploads\/2022\/08\/DELEGACJA-SEDZIOWSKA-OBSERWATOR-PHL-2022-2023.doc\">DELEGACJA-SEDZIOWSKA-OBSERWATOR-PHL-2022-2023<\/a><\/p>\n<p><a href=\"https:\/\/sedziahokeja.org\/wp-content\/uploads\/2022\/08\/Delegacja-obserwatora-Cracovia-2022-2023.docx\">Delegacja-obserwatora &#8211; Cracovia- 2022-2023 &nbsp; &nbsp; &nbsp; &nbsp; &nbsp; &nbsp; &nbsp; &nbsp; &nbsp; &nbsp; &nbsp; &nbsp; &nbsp; &nbsp; &nbsp; &nbsp; &nbsp; <\/a><a style=\"font-size: inherit;\" href=\"https:\/\/sedziahokeja.org\/wp-content\/uploads\/2022\/08\/Delegacja-sedziowska-Cracovia-2022-2023.docx\">Delegacja-s\u0119dziowska &#8211; Cracovia &#8211; 2022-2023<\/a><\/p>\n<ul>\n<li><span style=\"color: #000000;\"><strong><a style=\"color: #000000;\" href=\"https:\/\/sedziahokeja.org\/wp-content\/uploads\/2012\/07\/UWOLNIENIE-HYBRYDOWE-2016-1.pdf\">uwolnienie-hybrydowe<\/a><\/strong><\/span><\/li>\n<li><span style=\"color: #000000;\"><strong><a style=\"color: #000000;\" href=\"https:\/\/sedziahokeja.org\/wp-content\/uploads\/2012\/07\/System-4-s\u0119dzi\u00f3w-2016-1.pdf\">system-4-sedziow<\/a><\/strong><\/span><\/li>\n<li><span style=\"color: #000000;\"><strong><a style=\"color: #000000;\" href=\"https:\/\/sedziahokeja.org\/wp-content\/uploads\/2012\/07\/SYSTEM-4-S\u0118DZI\u00d3W-podr\u0119cznik-s\u0119dziego.pdf\">SYSTEM 4-S\u0118DZI\u00d3W &#8211; podr\u0119cznik s\u0119dziego<\/a><\/strong><\/span><\/li>\n<li><span style=\"color: #000000;\"><strong><a style=\"color: #000000;\" href=\"https:\/\/sedziahokeja.org\/wp-content\/uploads\/2012\/07\/za11.pdf\">tabela odleg\u0142o\u015bci drogowych &#8211; aglomeracja \u015bl\u0105ska<\/a><\/strong><\/span><\/li>\n<li><span style=\"color: #000000;\"><strong><a style=\"color: #000000;\" href=\"https:\/\/sedziahokeja.org\/wp-content\/uploads\/2012\/09\/2012-protok\u00f3\u0142-PZHL1.xls\">protok\u00f3\u0142 meczowy PZHL<\/a><\/strong><\/span><\/li>\n<li><span style=\"color: #000000;\"><strong><a style=\"color: #000000;\" href=\"https:\/\/sedziahokeja.org\/wp-content\/uploads\/2012\/09\/2012-zestawienie-dru\u017cyny-.xls\">zestawienie dru\u017cyny<\/a><\/strong><\/span><\/li>\n<li><span style=\"color: #000000;\"><strong><a style=\"color: #000000;\" href=\"https:\/\/sedziahokeja.org\/wp-content\/uploads\/2012\/07\/podr\u0119cznik-s\u0119dziego-pozycjonowanie.pdf\">podr\u0119cznik s\u0119dziego- pozycjonowanie<\/a><\/strong><\/span><\/li>\n<li><span style=\"color: #000000;\"><strong><a style=\"color: #000000;\" href=\"https:\/\/sedziahokeja.org\/wp-content\/uploads\/2012\/07\/Szkolenie-w-klubach-sprawozdanie-2016.doc\">szkolenie-w-klubach-sprawozdanie<\/a><\/strong><\/span><\/li>\n<li><span style=\"color: #000000;\"><strong><a style=\"color: #000000;\" href=\"https:\/\/sedziahokeja.org\/wp-content\/uploads\/2012\/07\/pomiars.pdf\">pomiar sprz\u0119tu bramkarskiego<\/a><\/strong><\/span><\/li>\n<li><span style=\"color: #000000;\"><strong><a style=\"color: #000000;\" href=\"https:\/\/sedziahokeja.org\/wp-content\/uploads\/2012\/07\/info._organiz._2013_PZHLostat..docx\">informacja_organizatora_PZHL(ostat.)<\/a><\/strong><\/span><\/li>\n<\/ul>\n\n\n<div class=\"wp-block-file\"><a href=\"https:\/\/sedziahokeja.org\/wp-content\/uploads\/2021\/09\/DRUK-ROZLICZENIA-DOJAZDU-PHL.doc\">DRUK-ROZLICZENIA-DOJAZDU-PHL<\/a><a href=\"https:\/\/sedziahokeja.org\/wp-content\/uploads\/2021\/09\/DRUK-ROZLICZENIA-DOJAZDU-PHL.doc\" class=\"wp-block-file__button wp-element-button\" download>Pobierz<\/a><\/div>\n\n\n\n<div class=\"wp-block-file\"><a href=\"https:\/\/sedziahokeja.org\/wp-content\/uploads\/2021\/09\/ARKUSZ-POMOCNICZY-OBSERWATORA.ods\">ARKUSZ POMOCNICZY OBSERWATORA<\/a><a href=\"https:\/\/sedziahokeja.org\/wp-content\/uploads\/2021\/09\/ARKUSZ-POMOCNICZY-OBSERWATORA.ods\" class=\"wp-block-file__button wp-element-button\" download>Pobierz<\/a><\/div>\n\n\n\n<div class=\"wp-block-file\"><a href=\"https:\/\/sedziahokeja.org\/wp-content\/uploads\/2021\/11\/Opis-Incydentu-Meczowego.pdf\">Opis Incydentu Meczowego<\/a><a href=\"https:\/\/sedziahokeja.org\/wp-content\/uploads\/2021\/11\/Opis-Incydentu-Meczowego.pdf\" class=\"wp-block-file__button wp-element-button\" download>Pobierz<\/a><\/div>\n\n\n\n<div class=\"wp-block-file\"><a href=\"https:\/\/sedziahokeja.org\/wp-content\/uploads\/2022\/08\/WNIOSEK-O-PRZYZNANIE-LICENCJI-SEDZIEGO-2022-2023.pdf\">WNIOSEK-O-PRZYZNANIE-LICENCJI-S\u0118DZIEGO-2022-2023<\/a><a href=\"https:\/\/sedziahokeja.org\/wp-content\/uploads\/2022\/08\/WNIOSEK-O-PRZYZNANIE-LICENCJI-SEDZIEGO-2022-2023.pdf\" class=\"wp-block-file__button wp-element-button\" download>Pobierz<\/a><\/div>\n\n\n\n<div class=\"wp-block-file\"><a id=\"wp-block-file--media-1d175871-041a-4b03-8995-89b965f9cd4d\" href=\"https:\/\/sedziahokeja.org\/wp-content\/uploads\/2023\/08\/Przepisy-sezon-2023_2024-1.pdf\">Przepisy-sezon-2023_2024-1<\/a><a href=\"https:\/\/sedziahokeja.org\/wp-content\/uploads\/2023\/08\/Przepisy-sezon-2023_2024-1.pdf\" class=\"wp-block-file__button wp-element-button\" download aria-describedby=\"wp-block-file--media-1d175871-041a-4b03-8995-89b965f9cd4d\">Pobierz<\/a><\/div>\n\n\n\n<div class=\"wp-block-file\"><a id=\"wp-block-file--media-488ebb9a-2d14-47d9-9f54-e5c0fb1ec4c3\" href=\"https:\/\/sedziahokeja.org\/wp-content\/uploads\/2024\/09\/MHL-X2.pdf\" target=\"_blank\" rel=\"noreferrer noopener\">MHL X2<\/a><a href=\"https:\/\/sedziahokeja.org\/wp-content\/uploads\/2024\/09\/MHL-X2.pdf\" class=\"wp-block-file__button wp-element-button\" download=\"\" aria-describedby=\"wp-block-file--media-488ebb9a-2d14-47d9-9f54-e5c0fb1ec4c3\">Pobierz<\/a><\/div>\n\n\n\n<div data-wp-interactive=\"core\/file\" class=\"wp-block-file\"><object data-wp-bind--hidden=\"!state.hasPdfPreview\" hidden class=\"wp-block-file__embed\" data=\"https:\/\/sedziahokeja.org\/wp-content\/uploads\/2026\/02\/OBOWIAZKI-I-ZAKRES-KOMUNIKATOW-SPIKERA-2026-THL.pdf\" type=\"application\/pdf\" style=\"width:100%;height:600px\" aria-label=\"Osadzone z OBOWIA\u0328ZKI I ZAKRES KOMUNIKATO\u0301W SPIKERA 2026 THL.\"><\/object><a id=\"wp-block-file--media-767609de-671b-4c1e-942c-ca1b2d70e8e1\" href=\"https:\/\/sedziahokeja.org\/wp-content\/uploads\/2026\/02\/OBOWIAZKI-I-ZAKRES-KOMUNIKATOW-SPIKERA-2026-THL.pdf\">OBOWIA\u0328ZKI I ZAKRES KOMUNIKATO\u0301W SPIKERA 2026 THL<\/a><a href=\"https:\/\/sedziahokeja.org\/wp-content\/uploads\/2026\/02\/OBOWIAZKI-I-ZAKRES-KOMUNIKATOW-SPIKERA-2026-THL.pdf\" class=\"wp-block-file__button wp-element-button\" download aria-describedby=\"wp-block-file--media-767609de-671b-4c1e-942c-ca1b2d70e8e1\">Pobierz<\/a><\/div>\n","protected":false},"excerpt":{"rendered":"<p>Tabela odleg\u0142o\u015bci tabela ekwiwalent\u00f3w 2022-2023 &#8211; MECZE REPREZENTACJI SENIOR\u00d3W tabela ekwiwalent\u00f3w 2022-2023 &#8211; PHL tabela ekwiwalent\u00f3w -2022-2023 &#8211; U-16, U-18, U-20 , MHL , PLHK , CLJ , grupy m\u0142odzie\u017cowe SMS MINISTERSTWO delegacja s\u0119dziowska&nbsp; &#8211; SMS TORU\u0143 &#8211; NOWA DELEGACJA-SEDZIOWSKA-PHL-2022-2023 DELEGACJA-SEDZIOWSKA-MHL-2022-2023 DELEGACJA-SEDZIOWSKA-OBSERWATOR-MHL-2022-2023 DELEGACJA-SEDZIOWSKA-OBSERWATOR-PHL-2022-2023 Delegacja-obserwatora &#8211; Cracovia- 2022-2023 &nbsp; &nbsp; &nbsp; &nbsp; &nbsp; &nbsp; &nbsp; &nbsp; &hellip; <a href=\"https:\/\/sedziahokeja.org\/?page_id=100\" class=\"more-link\">Czytaj dalej <span class=\"screen-reader-text\">NIEZB\u0118DNIK &#8211; archiwum<\/span> <span class=\"meta-nav\">&rarr;<\/span><\/a><\/p>\n","protected":false},"author":1,"featured_media":0,"parent":0,"menu_order":0,"comment_status":"open","ping_status":"open","template":"","meta":{"footnotes":""},"class_list":["post-100","page","type-page","status-publish","hentry"],"_links":{"self":[{"href":"https:\/\/sedziahokeja.org\/index.php?rest_route=\/wp\/v2\/pages\/100","targetHints":{"allow":["GET"]}}],"collection":[{"href":"https:\/\/sedziahokeja.org\/index.php?rest_route=\/wp\/v2\/pages"}],"about":[{"href":"https:\/\/sedziahokeja.org\/index.php?rest_route=\/wp\/v2\/types\/page"}],"author":[{"embeddable":true,"href":"https:\/\/sedziahokeja.org\/index.php?rest_route=\/wp\/v2\/users\/1"}],"replies":[{"embeddable":true,"href":"https:\/\/sedziahokeja.org\/index.php?rest_route=%2Fwp%2Fv2%2Fcomments&post=100"}],"version-history":[{"count":109,"href":"https:\/\/sedziahokeja.org\/index.php?rest_route=\/wp\/v2\/pages\/100\/revisions"}],"predecessor-version":[{"id":7480,"href":"https:\/\/sedziahokeja.org\/index.php?rest_route=\/wp\/v2\/pages\/100\/revisions\/7480"}],"wp:attachment":[{"href":"https:\/\/sedziahokeja.org\/index.php?rest_route=%2Fwp%2Fv2%2Fmedia&parent=100"}],"curies":[{"name":"wp","href":"https:\/\/api.w.org\/{rel}","templated":true}]}}